{"id":40,"date":"2020-08-20T17:49:59","date_gmt":"2020-08-20T17:49:59","guid":{"rendered":"https:\/\/avadawebsites.wpengine.com\/accountant\/?page_id=40"},"modified":"2026-04-13T13:21:43","modified_gmt":"2026-04-13T13:21:43","slug":"pravna_podrucja","status":"publish","type":"page","link":"https:\/\/winerycar.com\/ana\/pravna_podrucja\/","title":{"rendered":"Pravna podrucja"},"content":{"rendered":"<p><div class=\"fusion-fullwidth fullwidth-box fusion-builder-row-1 fusion-flex-container nonhundred-percent-fullwidth non-hundred-percent-height-scrolling\" style=\"--link_hover_color: var(--awb-color5);--link_color: var(--awb-color7);--awb-border-radius-top-left:0px;--awb-border-radius-top-right:0px;--awb-border-radius-bottom-right:0px;--awb-border-radius-bottom-left:0px;--awb-padding-top:120px;--awb-padding-bottom:120px;--awb-padding-top-medium:60px;--awb-padding-bottom-medium:80px;--awb-padding-top-small:24px;--awb-padding-bottom-small:48px;--awb-flex-wrap:wrap;\" ><div class=\"fusion-builder-row fusion-row fusion-flex-align-items-flex-start fusion-flex-justify-content-center fusion-flex-content-wrap\" style=\"max-width:1310.4px;margin-left: calc(-4% \/ 2 );margin-right: calc(-4% \/ 2 );\"><div class=\"fusion-layout-column fusion_builder_column fusion-builder-column-0 fusion_builder_column_4_5 4_5 fusion-flex-column\" style=\"--awb-bg-size:cover;--awb-width-large:80%;--awb-margin-top-large:20px;--awb-spacing-right-large:2.4%;--awb-margin-bottom-large:20px;--awb-spacing-left-large:2.4%;--awb-width-medium:80%;--awb-order-medium:0;--awb-spacing-right-medium:2.4%;--awb-spacing-left-medium:2.4%;--awb-width-small:100%;--awb-order-small:0;--awb-spacing-right-small:1.92%;--awb-spacing-left-small:1.92%;\" data-scroll-devices=\"small-visibility,medium-visibility,large-visibility\"><div class=\"fusion-column-wrapper fusion-column-has-shadow fusion-flex-justify-content-flex-start fusion-content-layout-column\"><div class=\"fusion-title title fusion-title-1 fusion-sep-none fusion-title-text fusion-title-size-three\" style=\"--awb-margin-top-small:10px;--awb-margin-right-small:0px;--awb-margin-bottom-small:20px;--awb-margin-left-small:0px;\"><h3 class=\"fusion-title-heading title-heading-left fusion-responsive-typography-calculated\" style=\"margin:0;--fontSize:36;line-height:1.3;\">Trgova\u010dko pravo, pravo tr\u017ei\u0161nog natjecanja, pravo intelektualnog vlasni\u0161tva<\/h3><\/div><div class=\"fusion-text fusion-text-1\" style=\"--awb-content-alignment:justify;\"><p style=\"text-align: left;\"><span style=\"font-weight: 400;\">Va\u0161 smo pravni partner tijekom cijelog ugovornog procesa \u2014 od sna\u017ene podr\u0161ke u pregovorima do izrade i pra\u0107enja izvr\u0161enja ugovora, kako bi svaki ugovorni odnos bio pravno siguran i uskla\u0111en s va\u0161im poslovnim interesima. U okviru trgova\u010dkog prava pru\u017eamo i stru\u010dnu pomo\u0107 u pitanjima tr\u017ei\u0161nog natjecanja te za\u0161tite intelektualnog vlasni\u0161tva, kao klju\u010dnim elementima sigurnog i odr\u017eivog poslovanja.<\/span><\/p>\n<\/div><div class=\"fusion-separator fusion-full-width-sep\" style=\"align-self: center;margin-left: auto;margin-right: auto;margin-top:30px;margin-bottom:30px;width:100%;\"><\/div><div class=\"fusion-title title fusion-title-2 fusion-sep-none fusion-title-text fusion-title-size-three\" style=\"--awb-margin-top-small:10px;--awb-margin-right-small:0px;--awb-margin-bottom-small:20px;--awb-margin-left-small:0px;\"><h3 class=\"fusion-title-heading title-heading-left fusion-responsive-typography-calculated\" style=\"margin:0;--fontSize:36;line-height:1.3;\">Pravo dru\u0161tava, M&amp;A<\/h3><\/div><div class=\"fusion-text fusion-text-2\" style=\"--awb-content-alignment:justify;\"><p><span style=\"font-weight: 400;\">Pru\u017eamo pouzdanu pravnu podr\u0161ku u svim fazama poslovanja \u2014 od osnivanja dru\u0161tava do restrukturiranja, M&amp;A transakcija i prilagodbe tr\u017ei\u0161nim promjenama. Savjetujemo u podru\u010dju korporativnog upravljanja, odgovornosti uprave i nadzornog odbora te uskla\u0111enosti poslovanja s propisima (compliance).<\/span><\/p>\n<\/div><div class=\"fusion-separator fusion-full-width-sep\" style=\"align-self: center;margin-left: auto;margin-right: auto;margin-top:30px;margin-bottom:30px;width:100%;\"><\/div><div class=\"fusion-title title fusion-title-3 fusion-sep-none fusion-title-text fusion-title-size-three\" style=\"--awb-margin-top-small:10px;--awb-margin-right-small:0px;--awb-margin-bottom-small:20px;--awb-margin-left-small:0px;\"><h3 class=\"fusion-title-heading title-heading-left fusion-responsive-typography-calculated\" style=\"margin:0;--fontSize:36;line-height:1.3;\">Pravo informacijskih tehnologija, Za\u0161tita osobnih podataka<\/h3><\/div><div class=\"fusion-text fusion-text-3\" style=\"--awb-content-alignment:justify;\"><p><span style=\"font-weight: 400;\">Izra\u0111ujemo i pregovaramo IT ugovore \u2014 razvoj softvera, licenciranje, cloud (SaaS, PaaS, IaaS) i on\u2011prem modeli, SLA \u2014 kako bi tehnolo\u0161ki projekti bili pravno za\u0161ti\u0107eni, komercijalno odr\u017eivi i strate\u0161ki postavljeni za rast. Posebnu pa\u017enju posve\u0107ujemo za\u0161titi podataka (DPA), intelektualnom vlasni\u0161tvu i sigurnosti informacijskih sustava.<\/span><\/p>\n<p><span style=\"font-weight: 400;\">Poma\u017eemo vam izgraditi pouzdanu i uskla\u0111enu digitalnu infrastrukturu kroz savjetovanje o GDPR\u2011u, kiberneti\u010dkoj sigurnosti, regulatornim zahtjevima i upravljanju rizicima digitalne transformacije.<\/span><\/p>\n<\/div><div class=\"fusion-separator fusion-full-width-sep\" style=\"align-self: center;margin-left: auto;margin-right: auto;margin-top:30px;margin-bottom:30px;width:100%;\"><\/div><div class=\"fusion-title title fusion-title-4 fusion-sep-none fusion-title-text fusion-title-size-three\" style=\"--awb-margin-top-small:10px;--awb-margin-right-small:0px;--awb-margin-bottom-small:20px;--awb-margin-left-small:0px;\"><h3 class=\"fusion-title-heading title-heading-left fusion-responsive-typography-calculated\" style=\"margin:0;--fontSize:36;line-height:1.3;\">Nekretnine i infrastruktrni projekti<\/h3><\/div><div class=\"fusion-text fusion-text-4\" style=\"--awb-content-alignment:justify;\"><p><span style=\"font-weight: 400;\">Podr\u017eavamo investitore i poduzetnike u razvoju projekata, od dubinske analize i provjere dokumentacije, postupka sklapanja ugovora, do pravnog pra\u0107enja izgradnje i komercijalizacije, osiguravaju\u0107i sigurne i u\u010dinkovite transakcije.<\/span><\/p>\n<p><span style=\"font-weight: 400;\">Rje\u0161avamo imovinskopravne odnose, uskla\u0111ujemo zemlji\u0161noknji\u017eno stanje te izra\u0111ujemo i provjeravamo ugovore, uz poseban fokus na vlasni\u0161tvo, terete, slu\u017enosti i pravni status nekretnina.<\/span><\/p>\n<\/div><div class=\"fusion-separator fusion-full-width-sep\" style=\"align-self: center;margin-left: auto;margin-right: auto;margin-top:30px;margin-bottom:30px;width:100%;\"><\/div><div class=\"fusion-title title fusion-title-5 fusion-sep-none fusion-title-text fusion-title-size-three\" style=\"--awb-margin-top-small:10px;--awb-margin-right-small:0px;--awb-margin-bottom-small:20px;--awb-margin-left-small:0px;\"><h3 class=\"fusion-title-heading title-heading-left fusion-responsive-typography-calculated\" style=\"margin:0;--fontSize:36;line-height:1.3;\">Radno pravo<\/h3><\/div><div class=\"fusion-text fusion-text-5\" style=\"--awb-content-alignment:justify;\"><p><span style=\"font-weight: 400;\">Poma\u017eemo poslodavcima graditi stabilne, jasne i zakonite radne odnose. Savjetujemo u organizaciji rada, reguliranju prava i obveza zaposlenika, menad\u017eerskih ugovora, internih politika te upravljanju rizicima vezanima uz radno zakonodavstvo, za\u0161titu na radu i za\u0161titu osobnih podataka. Podr\u017eavamo poslodavce u reorganizacijama, uvo\u0111enju fleksibilnih modela rada i vo\u0111enju radnopravnih postupaka i sporova<\/span>.<\/p>\n<\/div><div class=\"fusion-separator fusion-full-width-sep\" style=\"align-self: center;margin-left: auto;margin-right: auto;margin-top:30px;margin-bottom:30px;width:100%;\"><\/div><div class=\"fusion-title title fusion-title-6 fusion-sep-none fusion-title-text fusion-title-size-three\" style=\"--awb-margin-top-small:10px;--awb-margin-right-small:0px;--awb-margin-bottom-small:20px;--awb-margin-left-small:0px;\"><h3 class=\"fusion-title-heading title-heading-left fusion-responsive-typography-calculated\" style=\"margin:0;--fontSize:36;line-height:1.3;\">Financijsko i bankarsko pravo<\/h3><\/div><div class=\"fusion-text fusion-text-6\" style=\"--awb-content-alignment:justify;\"><p><span style=\"font-weight: 400;\">Savjetujemo u postupcima kreditnog i financijskog ugovaranja te osiguranju potra\u017eivanja, osiguravaju\u0107i stabilnost i pravnu sigurnost financijskih aran\u017emana. Zastupamo i pregovaramo s bankama, fondovima i drugim financijskim institucijama, \u0161tite\u0107i interese klijenata u svim fazama financijskih odnosa.<\/span><\/p>\n<\/div><div class=\"fusion-separator fusion-full-width-sep\" style=\"align-self: center;margin-left: auto;margin-right: auto;margin-top:30px;margin-bottom:30px;width:100%;\"><\/div><div class=\"fusion-title title fusion-title-7 fusion-sep-none fusion-title-text fusion-title-size-three\" style=\"--awb-margin-top-small:10px;--awb-margin-right-small:0px;--awb-margin-bottom-small:20px;--awb-margin-left-small:0px;\"><h3 class=\"fusion-title-heading title-heading-left fusion-responsive-typography-calculated\" style=\"margin:0;--fontSize:36;line-height:1.3;\">Predste\u010daj, restrukturiranje, ste\u010daj i ovrha<\/h3><\/div><div class=\"fusion-text fusion-text-7\" style=\"--awb-content-alignment:justify;\"><p><span style=\"font-weight: 400;\">Savjetujemo klijente vezano za upravljanje financijskim rizicima, instrumente osiguranja potra\u017eivanja i naplatu potra\u017eivanja. Pru\u017eamo pravnu podr\u0161ku u postupcima ovrhe, prisilne naplate te u ste\u010dajnim i predste\u010dajnim postupcima kao i postupcima restrukturiranja, uklju\u010duju\u0107i analizu potra\u017eivanja, pripremu dokumentacije, pregovaranje s vjerovnicima i vo\u0111enje postupaka pred sudovima. <\/span><\/p>\n<\/div><div class=\"fusion-separator fusion-full-width-sep\" style=\"align-self: center;margin-left: auto;margin-right: auto;margin-top:30px;margin-bottom:30px;width:100%;\"><\/div><div class=\"fusion-title title fusion-title-8 fusion-sep-none fusion-title-text fusion-title-size-three\" style=\"--awb-margin-top-small:10px;--awb-margin-right-small:0px;--awb-margin-bottom-small:20px;--awb-margin-left-small:0px;\"><h3 class=\"fusion-title-heading title-heading-left fusion-responsive-typography-calculated\" style=\"margin:0;--fontSize:36;line-height:1.3;\">Naknada \u0161tete i osiguranja<\/h3><\/div><div class=\"fusion-text fusion-text-8\" style=\"--awb-content-alignment:justify;\"><p><span style=\"font-weight: 400;\">Zastupamo klijente u postupcima naknade \u0161tete \u0161to uklju\u010duje\u00a0 rje\u0161avanje imovinske i neimovinske \u0161tete, regresne zahtjeve, \u0161tete iz ugovornih odnosa te sporove vezane uz police osiguranja i isplate osigurnina, kao i pregovaranje i vo\u0111enja postupaka pred osiguravateljima i nadle\u017enim tijelima.<\/span><\/p>\n<p><span style=\"font-weight: 400;\">Podr\u017eavamo klijente u tuma\u010denju i usugla\u0161avanju osigurateljnih ugovora, upravljanju rizicima i za\u0161titi njihovih interesa u svim fazama osigurateljnih i od\u0161tetnih postupaka.<\/span><\/p>\n<\/div><div class=\"fusion-separator fusion-full-width-sep\" style=\"align-self: center;margin-left: auto;margin-right: auto;margin-top:30px;margin-bottom:30px;width:100%;\"><\/div><div class=\"fusion-title title fusion-title-9 fusion-sep-none fusion-title-text fusion-title-size-three\" style=\"--awb-margin-top-small:10px;--awb-margin-right-small:0px;--awb-margin-bottom-small:20px;--awb-margin-left-small:0px;\"><h3 class=\"fusion-title-heading title-heading-left fusion-responsive-typography-calculated\" style=\"margin:0;--fontSize:36;line-height:1.3;\">Prekr\u0161ajno pravo<\/h3><\/div><div class=\"fusion-text fusion-text-9\" style=\"--awb-content-alignment:justify;\"><p><span style=\"font-weight: 400;\">U suvremenom, dinami\u010dnom poslovnom i regulatornom okru\u017eenju, prekr\u0161aj se mo\u017ee napraviti i kada poduzetnici postupaju savjesno i u dobroj vjeri. Zastupamo klijente u prekr\u0161ajnim postupcima koji proizlaze iz poslovnih aktivnosti i situacija nesklada s regulatornim zahtjevima povezanima s njihovim poslovanjem.<\/span><\/p>\n<\/div><div class=\"fusion-separator fusion-full-width-sep\" style=\"align-self: center;margin-left: auto;margin-right: auto;margin-top:30px;margin-bottom:30px;width:100%;\"><\/div><div class=\"fusion-title title fusion-title-10 fusion-sep-none fusion-title-text fusion-title-size-three\" style=\"--awb-margin-top-small:10px;--awb-margin-right-small:0px;--awb-margin-bottom-small:20px;--awb-margin-left-small:0px;\"><h3 class=\"fusion-title-heading title-heading-left fusion-responsive-typography-calculated\" style=\"margin:0;--fontSize:36;line-height:1.3;\">Zastupanje u sudskim i drugim postupcima<\/h3><\/div><div class=\"fusion-text fusion-text-10\" style=\"--awb-content-alignment:justify;\"><p><span style=\"font-weight: 400;\">Zastupamo klijente u sudskim, upravnim i drugim postupcima pred nadle\u017enim tijelima, \u0161tite\u0107i interese klijenata u svim fazama postupka. Usmjereni smo na u\u010dinkovito rje\u0161avanje sporova, pravnu sigurnost i strate\u0161ki pristup svakom predmetu.<\/span><\/p>\n<\/div><\/div><\/div><\/div><\/div><div class=\"fusion-fullwidth fullwidth-box fusion-builder-row-2 fusion-flex-container nonhundred-percent-fullwidth non-hundred-percent-height-scrolling\" style=\"--link_color: var(--awb-color1);--awb-border-radius-top-left:0px;--awb-border-radius-top-right:0px;--awb-border-radius-bottom-right:0px;--awb-border-radius-bottom-left:0px;--awb-padding-top:20px;--awb-padding-bottom:20px;--awb-padding-top-small:40px;--awb-padding-right-small:20px;--awb-padding-bottom-small:0px;--awb-padding-left-small:20px;--awb-flex-wrap:wrap;\" ><div class=\"fusion-builder-row fusion-row fusion-flex-align-items-center fusion-flex-justify-content-center fusion-flex-content-wrap\" style=\"max-width:1310.4px;margin-left: calc(-4% \/ 2 );margin-right: calc(-4% \/ 2 );\"><div class=\"fusion-layout-column fusion_builder_column fusion-builder-column-1 fusion_builder_column_1_1 1_1 fusion-flex-column\" style=\"--awb-padding-top:5%;--awb-padding-right:6%;--awb-padding-bottom:5%;--awb-padding-left:6%;--awb-overflow:hidden;--awb-bg-color:#16244b;--awb-bg-color-hover:#16244b;--awb-bg-size:cover;--awb-box-shadow:0px 24px 40px 0px hsla(var(--awb-custom1-h),var(--awb-custom1-s),var(--awb-custom1-l),calc( var(--awb-custom1-a) - 76% ));;--awb-border-radius:24px 24px 24px 24px;--awb-width-large:100%;--awb-margin-top-large:20px;--awb-spacing-right-large:0%;--awb-margin-bottom-large:20px;--awb-spacing-left-large:0%;--awb-width-medium:100%;--awb-order-medium:0;--awb-spacing-right-medium:0%;--awb-spacing-left-medium:0%;--awb-width-small:100%;--awb-order-small:0;--awb-spacing-right-small:1.92%;--awb-spacing-left-small:1.92%;\" data-scroll-devices=\"small-visibility,medium-visibility,large-visibility\"><div class=\"fusion-column-wrapper fusion-column-has-shadow fusion-flex-justify-content-flex-start fusion-content-layout-column\"><div class=\"fusion-builder-row fusion-builder-row-inner fusion-row fusion-flex-align-items-center fusion-flex-justify-content-center fusion-flex-content-wrap\" style=\"--awb-flex-grow:0;--awb-flex-grow-medium:0;--awb-flex-grow-small:0;--awb-flex-shrink:0;--awb-flex-shrink-medium:0;--awb-flex-shrink-small:0;width:104% !important;max-width:104% !important;margin-left: calc(-4% \/ 2 );margin-right: calc(-4% \/ 2 );\"><div class=\"fusion-layout-column fusion_builder_column_inner fusion-builder-nested-column-0 fusion_builder_column_inner_3_4 3_4 fusion-flex-column\" style=\"--awb-bg-size:cover;--awb-width-large:75%;--awb-margin-top-large:12px;--awb-spacing-right-large:2.56%;--awb-margin-bottom-large:20px;--awb-spacing-left-large:2.56%;--awb-width-medium:60%;--awb-order-medium:0;--awb-spacing-right-medium:3.2%;--awb-spacing-left-medium:3.2%;--awb-width-small:100%;--awb-order-small:0;--awb-spacing-right-small:1.92%;--awb-margin-bottom-small:0px;--awb-spacing-left-small:1.92%;\"><div class=\"fusion-column-wrapper fusion-column-has-shadow fusion-flex-justify-content-flex-start fusion-content-layout-column\"><div class=\"fusion-title title fusion-title-11 fusion-sep-none fusion-title-text fusion-title-size-one\" style=\"--awb-text-color:var(--awb-color1);--awb-margin-top-small:10px;--awb-margin-right-small:0px;--awb-margin-bottom-small:20px;--awb-margin-left-small:0px;\"><h1 class=\"fusion-title-heading title-heading-left sm-text-align-center fusion-responsive-typography-calculated\" style=\"margin:0;--fontSize:60;line-height:var(--awb-typography1-line-height);\">Stupimo u kontakt<\/h1><\/div><div class=\"fusion-text fusion-text-11 sm-text-align-center\" style=\"--awb-font-size:26px;--awb-line-height:36px;--awb-text-color:var(--awb-color1);\"><p><span style=\"font-weight: 400;\">Rado \u0107emo odgovoriti na sva Va\u0161a pitanja.<\/span><\/p>\n<\/div><\/div><\/div><div class=\"fusion-layout-column fusion_builder_column_inner fusion-builder-nested-column-1 fusion_builder_column_inner_1_4 1_4 fusion-flex-column\" style=\"--awb-bg-size:cover;--awb-width-large:25%;--awb-margin-top-large:20px;--awb-spacing-right-large:7.68%;--awb-margin-bottom-large:20px;--awb-spacing-left-large:7.68%;--awb-width-medium:40%;--awb-order-medium:0;--awb-spacing-right-medium:4.8%;--awb-spacing-left-medium:4.8%;--awb-width-small:100%;--awb-order-small:0;--awb-spacing-right-small:1.92%;--awb-spacing-left-small:1.92%;\"><div class=\"fusion-column-wrapper fusion-column-has-shadow fusion-flex-justify-content-flex-start fusion-content-layout-column\"><div style=\"text-align:center;\"><a class=\"fusion-button button-flat fusion-button-default-size button-default fusion-button-default button-1 fusion-button-span-yes fusion-button-default-type\" target=\"_self\" href=\"https:\/\/winerycar.com\/ana\/kontakt\/\"><span class=\"fusion-button-text awb-button__text awb-button__text--default\">Konzultacije<\/span><\/a><\/div><div style=\"text-align:center;\"><a class=\"fusion-button button-flat fusion-button-default-size button-custom fusion-button-default button-2 fusion-button-span-yes fusion-button-default-type\" style=\"--awb-margin-top:12px;--button_accent_color:var(--awb-color1);--button_accent_hover_color:var(--awb-color7);--button_border_hover_color:var(--awb-color7);--button_gradient_top_color:var(--awb-custom1);--button_gradient_bottom_color:var(--awb-custom1);--button_gradient_top_color_hover:var(--awb-color1);--button_gradient_bottom_color_hover:var(--awb-color1);\" target=\"_self\" href=\"https:\/\/winerycar.com\/ana\/contact\/\"><i class=\"icon-accountant-call-us awb-button__icon awb-button__icon--default button-icon-left\" aria-hidden=\"true\"><\/i><span class=\"fusion-button-text awb-button__text awb-button__text--default\">091 238 0550<\/span><\/a><\/div><\/div><\/div><\/div><\/div><\/div><\/div><\/div>\n<\/p>\n","protected":false},"excerpt":{"rendered":"","protected":false},"author":1,"featured_media":0,"parent":0,"menu_order":0,"comment_status":"closed","ping_status":"closed","template":"100-width.php","meta":{"pagelayer_contact_templates":[],"_pagelayer_content":"","footnotes":""},"class_list":["post-40","page","type-page","status-publish","hentry"],"_links":{"self":[{"href":"https:\/\/winerycar.com\/ana\/wp-json\/wp\/v2\/pages\/40","targetHints":{"allow":["GET"]}}],"collection":[{"href":"https:\/\/winerycar.com\/ana\/wp-json\/wp\/v2\/pages"}],"about":[{"href":"https:\/\/winerycar.com\/ana\/wp-json\/wp\/v2\/types\/page"}],"author":[{"embeddable":true,"href":"https:\/\/winerycar.com\/ana\/wp-json\/wp\/v2\/users\/1"}],"replies":[{"embeddable":true,"href":"https:\/\/winerycar.com\/ana\/wp-json\/wp\/v2\/comments?post=40"}],"version-history":[{"count":9,"href":"https:\/\/winerycar.com\/ana\/wp-json\/wp\/v2\/pages\/40\/revisions"}],"predecessor-version":[{"id":2507,"href":"https:\/\/winerycar.com\/ana\/wp-json\/wp\/v2\/pages\/40\/revisions\/2507"}],"wp:attachment":[{"href":"https:\/\/winerycar.com\/ana\/wp-json\/wp\/v2\/media?parent=40"}],"curies":[{"name":"wp","href":"https:\/\/api.w.org\/{rel}","templated":true}]}}